{"id":21,"date":"2020-07-20T18:26:19","date_gmt":"2020-07-20T18:26:19","guid":{"rendered":"http:\/\/claudiocosta.com.ar\/?page_id=21"},"modified":"2020-09-18T04:24:23","modified_gmt":"2020-09-18T04:24:23","slug":"blog","status":"publish","type":"page","link":"https:\/\/claudiocosta.com.ar\/?page_id=21","title":{"rendered":"Servicios"},"content":{"rendered":"\n<div class=\"wp-block-media-text alignwide is-stacked-on-mobile\"><figure class=\"wp-block-media-text__media\"><img loading=\"lazy\" decoding=\"async\" width=\"512\" height=\"512\" src=\"https:\/\/claudiocosta.com.ar\/wp-content\/uploads\/2020\/08\/capacitacion.png\" alt=\"\" class=\"wp-image-381\" srcset=\"https:\/\/claudiocosta.com.ar\/wp-content\/uploads\/2020\/08\/capacitacion.png 512w, https:\/\/claudiocosta.com.ar\/wp-content\/uploads\/2020\/08\/capacitacion-300x300.png 300w, https:\/\/claudiocosta.com.ar\/wp-content\/uploads\/2020\/08\/capacitacion-150x150.png 150w\" sizes=\"auto, (max-width: 512px) 100vw, 512px\" \/><\/figure><div class=\"wp-block-media-text__content\">\n<p class=\"has-large-font-size\"><strong>FORMACI\u00d3N DE RRHH<\/strong><\/p>\n<\/div><\/div>\n\n\n\n<p class=\"has-vivid-red-color has-text-color has-medium-font-size\"><strong>FORMACI\u00d3N DE RRHH<\/strong><\/p>\n\n\n\n<p>Brindamos servicios de<strong> Capacitaci\u00f3n, Sensibilizaci\u00f3n <\/strong>e<strong> Inducci\u00f3n<\/strong>.&nbsp;<\/p>\n\n\n\n<h5 class=\"wp-block-heading\">Capacitaci\u00f3n <\/h5>\n\n\n\n<p class=\"has-text-align-left\">La Capacitaci\u00f3n es una actividad planificada y permanente cuyo prop\u00f3sito es preparar, desarrollar e integrar los recursos humanos al proceso productivo. <strong>Brindamos este servicio mediante la entrega de conocimientos y el desarrollo de habilidades, esto nos permite mejorar desempe\u00f1o de todos los recursos en sus actuales cargos y adaptarlos a la exigencias cambiantes del entorno y la organizaci\u00f3n.<\/strong>&nbsp;<\/p>\n\n\n\n<p><strong>Sensibilizaci\u00f3n<\/strong><\/p>\n\n\n\n<p>La sensibilizaci\u00f3n se asocia a los est\u00edmulos que nosotros podemos recibir a trav\u00e9s de nuestros cinco sentidos (tacto, olfato, visi\u00f3n, audici\u00f3n y gusto) y que de alg\u00fan modo activan a nuestro cerebro despertando emociones, generando sentimientos, logrando estimular una parte emocional de nosotros mismos, y siempre con un objetivo determinado.&nbsp;<strong>Brindamos sensibilizaci\u00f3n mediante la ejecuci\u00f3n de una serie de actividades que tienen como objetivo concientizar a las personas sobre una determinada situaci\u00f3n.<\/strong><\/p>\n\n\n\n<p>La llevamos a cabo, mediante diversas acciones:  Charlas; Participaci\u00f3n en eventos; Utilizaci\u00f3n de recursos educativos; etc.  Buscamos siempre contribuir a fomentar un pensamiento cr\u00edtico y un compromiso, adapt\u00e1ndonos a la audiencia y promoviendo din\u00e1micas que ayuden a reflexionar.<\/p>\n\n\n\n<p><strong>Inducci\u00f3n<\/strong><\/p>\n\n\n\n<p>La inducci\u00f3n de personal es un proceso, mediante el cual, se familiariza al nuevo recurso, con la empresa. La tem\u00e1tica depender\u00e1 de si el objetivo es general (filosof\u00eda, cultura, historia, pol\u00edticas, procedimientos, patrones de conducta, imagen general de la empresa, etc.) o espec\u00edfico (lo que se realizar\u00e1 en el puesto, las medidas de seguridad de aquel, la presentaci\u00f3n de las \u00e1reas donde trabajar\u00e1 y de los dem\u00e1s miembros del equipo con los que interactuar\u00e1 en el cumplimiento de sus funciones, las particularidades de un Sistema de Gesti\u00f3n que se encuentre implementado en la empresa, etc.). <strong> En nuestros servicios, la inducci\u00f3n presenta tres etapas:                    \u2022 Inducci\u00f3n General;  \u2022 Inducci\u00f3n Espec\u00edfica;  \u2022 Seguimiento de la Inducci\u00f3n de Personal<\/strong><\/p>\n\n\n\n<p>Como beneficios, podemos mencionar que el nuevo miembro del equipo obtiene informaci\u00f3n general y espec\u00edfica de la empresa donde trabajar\u00e1 y del puesto que desempe\u00f1ar\u00e1; mejora el rendimiento; disminuci\u00f3n de dudas. Asimismo la inducci\u00f3n facilitar\u00e1 el aprendizaje de las funciones a desempe\u00f1ar y el proceso de adaptaci\u00f3n, reduciendo o evitando errores.<\/p>\n\n\n\n<div class=\"wp-block-media-text alignwide is-stacked-on-mobile\"><figure class=\"wp-block-media-text__media\"><img loading=\"lazy\" decoding=\"async\" width=\"268\" height=\"267\" src=\"https:\/\/claudiocosta.com.ar\/wp-content\/uploads\/2020\/08\/gap-analysis.png\" alt=\"\" class=\"wp-image-250\" srcset=\"https:\/\/claudiocosta.com.ar\/wp-content\/uploads\/2020\/08\/gap-analysis.png 268w, https:\/\/claudiocosta.com.ar\/wp-content\/uploads\/2020\/08\/gap-analysis-150x150.png 150w\" sizes=\"auto, (max-width: 268px) 100vw, 268px\" \/><\/figure><div class=\"wp-block-media-text__content\">\n<p class=\"has-large-font-size\"><strong>GAP AN\u00c1LISIS<\/strong><\/p>\n<\/div><\/div>\n\n\n\n<p class=\"has-vivid-red-color has-text-color has-medium-font-size\"><strong>GAP AN\u00c1LISIS<\/strong><\/p>\n\n\n\n<p>El an\u00e1lisis de brecha permite identificar la distancia existente entre el estado o desempe\u00f1o actual y un estado o desempe\u00f1o deseable y\/o requerido (por ejemplo por normativas internacionales vigentes, incluyendo las buenas pr\u00e1cticas m\u00e1s reconocidas en la industria).&nbsp;<\/p>\n\n\n\n<p><strong>Para llevarlo a cabo, hacemos uso de distintas herramientas que, de acuerdo al caso en particular, ser\u00e1n aplicadas para identificar las brechas mediante el an\u00e1lisis de datos recopilados<\/strong>.<\/p>\n\n\n\n<div class=\"wp-block-media-text alignwide is-stacked-on-mobile\"><figure class=\"wp-block-media-text__media\"><img loading=\"lazy\" decoding=\"async\" width=\"200\" height=\"200\" src=\"https:\/\/claudiocosta.com.ar\/wp-content\/uploads\/2020\/08\/icono_consultoria.png\" alt=\"\" class=\"wp-image-252\" srcset=\"https:\/\/claudiocosta.com.ar\/wp-content\/uploads\/2020\/08\/icono_consultoria.png 200w, https:\/\/claudiocosta.com.ar\/wp-content\/uploads\/2020\/08\/icono_consultoria-150x150.png 150w\" sizes=\"auto, (max-width: 200px) 100vw, 200px\" \/><\/figure><div class=\"wp-block-media-text__content\">\n<p class=\"has-large-font-size\"><strong>CONSULTOR\u00cdA<\/strong><\/p>\n<\/div><\/div>\n\n\n\n<p class=\"has-vivid-red-color has-text-color has-medium-font-size\"><strong><span class=\"has-inline-color has-vivid-red-color\">CONSULTOR\u00cdA<\/span><\/strong><\/p>\n\n\n\n<p>La consultor\u00eda de gesti\u00f3n es ese conjunto de actividades intelectuales multidisciplinarias, en el \u00e1mbito de las actividades de gesti\u00f3n, que tienen como objetivo crear valor o promover el cambio, a trav\u00e9s de la prestaci\u00f3n de asesoramiento o soluciones, la adopci\u00f3n de acciones o mediante la producci\u00f3n de servicios prestados.&nbsp;<\/p>\n\n\n\n<p><strong>Brindamos un servicio en el cual, nuestro consultor de gesti\u00f3n es el socio de la alta direcci\u00f3n o emprendedor en la planificaci\u00f3n del sistema organizativo y sobre todo de su mejora<\/strong>.<\/p>\n\n\n\n<p><\/p>\n\n\n\n<div class=\"wp-block-media-text alignwide is-stacked-on-mobile\"><figure class=\"wp-block-media-text__media\"><img loading=\"lazy\" decoding=\"async\" width=\"376\" height=\"369\" src=\"https:\/\/claudiocosta.com.ar\/wp-content\/uploads\/2020\/08\/implemen-1.png\" alt=\"\" class=\"wp-image-256\" srcset=\"https:\/\/claudiocosta.com.ar\/wp-content\/uploads\/2020\/08\/implemen-1.png 376w, https:\/\/claudiocosta.com.ar\/wp-content\/uploads\/2020\/08\/implemen-1-300x294.png 300w\" sizes=\"auto, (max-width: 376px) 100vw, 376px\" \/><\/figure><div class=\"wp-block-media-text__content\">\n<p class=\"has-large-font-size\"><strong>IMPLEMENTACI\u00d3N<\/strong><\/p>\n<\/div><\/div>\n\n\n\n<p class=\"has-vivid-red-color has-text-color has-medium-font-size\"><strong>IMPLEMENTACIONES<\/strong><\/p>\n\n\n\n<p>Planificar, Implementar y Gestionar un Sistema de Gesti\u00f3n que cumpla los requisitos de las normas (sea cual fuere), es una actividad que requiere de conocimiento y experiencia.<\/p>\n\n\n\n<p><strong>Acompa\u00f1amos la implementaci\u00f3n y el mantenimiento de sus Sistemas de Gesti\u00f3n, de manera efectiva, pr\u00e1ctica y enfocada en sus propias necesidades.<\/strong><\/p>\n\n\n\n<p><\/p>\n\n\n\n<div class=\"wp-block-media-text alignwide is-stacked-on-mobile\"><figure class=\"wp-block-media-text__media\"><img loading=\"lazy\" decoding=\"async\" width=\"225\" height=\"225\" src=\"https:\/\/claudiocosta.com.ar\/wp-content\/uploads\/2020\/08\/auditor\u00eda.png\" alt=\"\" class=\"wp-image-261\" srcset=\"https:\/\/claudiocosta.com.ar\/wp-content\/uploads\/2020\/08\/auditor\u00eda.png 225w, https:\/\/claudiocosta.com.ar\/wp-content\/uploads\/2020\/08\/auditor\u00eda-150x150.png 150w\" sizes=\"auto, (max-width: 225px) 100vw, 225px\" \/><\/figure><div class=\"wp-block-media-text__content\">\n<p class=\"has-large-font-size\"><strong>AUDITOR\u00cdAS<\/strong><\/p>\n<\/div><\/div>\n\n\n\n<p class=\"has-vivid-red-color has-text-color has-medium-font-size\"><strong>AUDITOR\u00cdAS<\/strong><\/p>\n\n\n\n<p>Una auditor\u00eda es un proceso sistem\u00e1tico, independiente y documentado para obtener evidencias (cuantitativas y cualitativas) para evaluarlas de manera objetiva con el fin de determinar si cumple con los criterios de referencia. Estas auditor\u00edas pueden estar enfocadas a un sistema de gesti\u00f3n, producto o proceso.<\/p>\n\n\n\n<p><strong>Realizamos Auditor\u00edas de Primera y Segunda Parte<\/strong>.<\/p>\n\n\n\n<p class=\"has-luminous-vivid-orange-color has-text-color\"><strong>Auditor\u00edas de Primera Parte (Auditor\u00edas Internas)<\/strong><\/p>\n\n\n\n<p>Las auditor\u00edas de primera parte tambi\u00e9n son denominadas como Auditor\u00edas Internas.<\/p>\n\n\n\n<p><strong>Realizamos Auditor\u00edas Internas en nombre de nuestros clientes, siendo un input m\u00e1s para, entre otras cosas, el an\u00e1lisis de la revisi\u00f3n por la direcci\u00f3n y para la mejora del sistema<\/strong>.&nbsp;<\/p>\n\n\n\n<p>Este tipo de Auditor\u00eda es uno de los requisitos de cualquier norma internacional de Sistema de Gesti\u00f3n (ej.; ISO 27001, ISO 20000-1, ISO 9001; etc.).<\/p>\n\n\n\n<p class=\"has-luminous-vivid-orange-color has-text-color\"><strong>Auditor\u00edas de Segunda Parte (Auditor\u00edas Externas)<\/strong><\/p>\n\n\n\n<p>Las auditor\u00edas de segunda parte son tambi\u00e9n denominadas Auditor\u00edas Externas.<\/p>\n\n\n\n<p><strong>Realizamos Auditor\u00edas Externas de manera independiente, para nuestros clientes que lo requieran, a efectos de satisfacer el inter\u00e9s que poseen hacia un tercero (proveedor, subcontratista, franquiciado, etc.) con relaci\u00f3n a la adecuaci\u00f3n de los sistemas de gesti\u00f3n con los servicios que se han contratado o se van a contratar<\/strong>.<\/p>\n\n\n\n<div class=\"wp-block-media-text alignwide is-stacked-on-mobile\"><figure class=\"wp-block-media-text__media\"><img loading=\"lazy\" decoding=\"async\" width=\"251\" height=\"250\" src=\"https:\/\/claudiocosta.com.ar\/wp-content\/uploads\/2020\/08\/icon-el-icetex_sistema-gestion.png\" alt=\"\" class=\"wp-image-262\" srcset=\"https:\/\/claudiocosta.com.ar\/wp-content\/uploads\/2020\/08\/icon-el-icetex_sistema-gestion.png 251w, https:\/\/claudiocosta.com.ar\/wp-content\/uploads\/2020\/08\/icon-el-icetex_sistema-gestion-150x150.png 150w\" sizes=\"auto, (max-width: 251px) 100vw, 251px\" \/><\/figure><div class=\"wp-block-media-text__content\">\n<p class=\"has-large-font-size\"><strong>SISTEMAS DE GESTI\u00d3N<\/strong><\/p>\n<\/div><\/div>\n\n\n\n<p class=\"has-vivid-red-color has-text-color has-medium-font-size\"><strong>SISTEMAS DE GESTI\u00d3N<\/strong><\/p>\n\n\n\n<p>Un Sistema de Gesti\u00f3n es una estructura probada para la gesti\u00f3n y mejora continua de las pol\u00edticas, los procedimientos y procesos de la organizaci\u00f3n.<\/p>\n\n\n\n<p><strong>Nuestros servicios ayudan a lograr los objetivos de la organizaci\u00f3n mediante una serie de estrategias que incluyen la optimizaci\u00f3n de procesos, el enfoque centrado en la gesti\u00f3n y el pensamiento disciplinado<\/strong>.&nbsp;<\/p>\n\n\n\n<p><strong>Brindamos servicios en diversos Sistemas de Gesti\u00f3n, entre ellos los siguientes:<\/strong><\/p>\n\n\n\n<ul class=\"wp-block-list\"><li><strong>Seguridad de la Informaci\u00f3n<\/strong><\/li><\/ul>\n\n\n\n<ul class=\"wp-block-list\"><li><strong>Gesti\u00f3n de Servicios<\/strong><\/li><\/ul>\n\n\n\n<ul class=\"wp-block-list\"><li><strong>Continuidad del negocio<\/strong><\/li><\/ul>\n\n\n\n<ul class=\"wp-block-list\"><li><strong>Riesgos de Seguridad de la Informaci\u00f3n<\/strong><\/li><\/ul>\n\n\n\n<ul class=\"wp-block-list\"><li><strong>Protecci\u00f3n de la Informaci\u00f3n Personal<\/strong><\/li><\/ul>\n\n\n\n<ul class=\"wp-block-list\"><li><strong>Protecci\u00f3n de la Informaci\u00f3n en la Nube<\/strong><\/li><\/ul>\n\n\n\n<ul class=\"wp-block-list\"><li><strong>Gesti\u00f3n de la Calidad<\/strong><\/li><\/ul>\n\n\n\n<ul class=\"wp-block-list\"><li><strong>SQuaRE<\/strong><\/li><\/ul>\n\n\n\n<ul class=\"wp-block-list\"><li><strong>Riesgos<\/strong><\/li><\/ul>\n\n\n\n<ul class=\"wp-block-list\"><li><strong>Sistemas Integrados de Gesti\u00f3n<\/strong><\/li><\/ul>\n\n\n\n<ul class=\"wp-block-list\"><li><strong>E-Commerce\u00a0<\/strong><\/li><\/ul>\n\n\n\n<ul class=\"wp-block-list\"><li><strong>Organizaciones Educativas (ISO 21001)<\/strong><\/li><\/ul>\n\n\n\n<ul class=\"wp-block-list\"><li><strong>Servicio de Aprendizaje (educaci\u00f3n informal<\/strong>)<strong> (ISO 29993)<\/strong><\/li><\/ul>\n\n\n\n<ul class=\"wp-block-list\"><li><strong>y m\u00e1s<\/strong><\/li><\/ul>\n\n\n\n<figure class=\"wp-block-gallery columns-3 is-cropped wp-block-gallery-1 is-layout-flex wp-block-gallery-is-layout-flex\"><ul class=\"blocks-gallery-grid\"><li class=\"blocks-gallery-item\"><figure><img loading=\"lazy\" decoding=\"async\" width=\"720\" height=\"697\" src=\"https:\/\/claudiocosta.com.ar\/wp-content\/uploads\/2020\/08\/iso-27001-ok-1.png\" alt=\"\" data-id=\"265\" data-link=\"https:\/\/claudiocosta.com.ar\/?attachment_id=265\" class=\"wp-image-265\" srcset=\"https:\/\/claudiocosta.com.ar\/wp-content\/uploads\/2020\/08\/iso-27001-ok-1.png 720w, https:\/\/claudiocosta.com.ar\/wp-content\/uploads\/2020\/08\/iso-27001-ok-1-300x290.png 300w\" sizes=\"auto, (max-width: 720px) 100vw, 720px\" \/><\/figure><\/li><li class=\"blocks-gallery-item\"><figure><img loading=\"lazy\" decoding=\"async\" width=\"720\" height=\"697\" src=\"https:\/\/claudiocosta.com.ar\/wp-content\/uploads\/2020\/08\/iso-20000-ok.png\" alt=\"\" data-id=\"266\" data-link=\"https:\/\/claudiocosta.com.ar\/?attachment_id=266\" class=\"wp-image-266\" srcset=\"https:\/\/claudiocosta.com.ar\/wp-content\/uploads\/2020\/08\/iso-20000-ok.png 720w, https:\/\/claudiocosta.com.ar\/wp-content\/uploads\/2020\/08\/iso-20000-ok-300x290.png 300w\" sizes=\"auto, (max-width: 720px) 100vw, 720px\" \/><\/figure><\/li><li class=\"blocks-gallery-item\"><figure><img loading=\"lazy\" decoding=\"async\" width=\"720\" height=\"697\" src=\"https:\/\/claudiocosta.com.ar\/wp-content\/uploads\/2020\/08\/iso-22301-ok.png\" alt=\"\" data-id=\"267\" data-link=\"https:\/\/claudiocosta.com.ar\/?attachment_id=267\" class=\"wp-image-267\" srcset=\"https:\/\/claudiocosta.com.ar\/wp-content\/uploads\/2020\/08\/iso-22301-ok.png 720w, https:\/\/claudiocosta.com.ar\/wp-content\/uploads\/2020\/08\/iso-22301-ok-300x290.png 300w\" sizes=\"auto, (max-width: 720px) 100vw, 720px\" \/><\/figure><\/li><li class=\"blocks-gallery-item\"><figure><img loading=\"lazy\" decoding=\"async\" width=\"720\" height=\"697\" src=\"https:\/\/claudiocosta.com.ar\/wp-content\/uploads\/2020\/08\/iso-27005-ok.png\" alt=\"\" data-id=\"269\" data-link=\"https:\/\/claudiocosta.com.ar\/?attachment_id=269\" class=\"wp-image-269\" srcset=\"https:\/\/claudiocosta.com.ar\/wp-content\/uploads\/2020\/08\/iso-27005-ok.png 720w, https:\/\/claudiocosta.com.ar\/wp-content\/uploads\/2020\/08\/iso-27005-ok-300x290.png 300w\" sizes=\"auto, (max-width: 720px) 100vw, 720px\" \/><\/figure><\/li><li class=\"blocks-gallery-item\"><figure><img loading=\"lazy\" decoding=\"async\" width=\"720\" height=\"697\" src=\"https:\/\/claudiocosta.com.ar\/wp-content\/uploads\/2020\/08\/iso-27018-ok.png\" alt=\"\" data-id=\"270\" data-link=\"https:\/\/claudiocosta.com.ar\/?attachment_id=270\" class=\"wp-image-270\" srcset=\"https:\/\/claudiocosta.com.ar\/wp-content\/uploads\/2020\/08\/iso-27018-ok.png 720w, https:\/\/claudiocosta.com.ar\/wp-content\/uploads\/2020\/08\/iso-27018-ok-300x290.png 300w\" sizes=\"auto, (max-width: 720px) 100vw, 720px\" \/><\/figure><\/li><li class=\"blocks-gallery-item\"><figure><img loading=\"lazy\" decoding=\"async\" width=\"398\" height=\"402\" src=\"https:\/\/claudiocosta.com.ar\/wp-content\/uploads\/2020\/08\/ISO-27017.jpg\" alt=\"\" data-id=\"271\" data-link=\"https:\/\/claudiocosta.com.ar\/?attachment_id=271\" class=\"wp-image-271\" srcset=\"https:\/\/claudiocosta.com.ar\/wp-content\/uploads\/2020\/08\/ISO-27017.jpg 398w, https:\/\/claudiocosta.com.ar\/wp-content\/uploads\/2020\/08\/ISO-27017-297x300.jpg 297w\" sizes=\"auto, (max-width: 398px) 100vw, 398px\" \/><\/figure><\/li><li class=\"blocks-gallery-item\"><figure><img loading=\"lazy\" decoding=\"async\" width=\"720\" height=\"697\" src=\"https:\/\/claudiocosta.com.ar\/wp-content\/uploads\/2020\/08\/iso-9001-ok.png\" alt=\"\" data-id=\"272\" data-link=\"https:\/\/claudiocosta.com.ar\/?attachment_id=272\" class=\"wp-image-272\" srcset=\"https:\/\/claudiocosta.com.ar\/wp-content\/uploads\/2020\/08\/iso-9001-ok.png 720w, https:\/\/claudiocosta.com.ar\/wp-content\/uploads\/2020\/08\/iso-9001-ok-300x290.png 300w\" sizes=\"auto, (max-width: 720px) 100vw, 720px\" \/><\/figure><\/li><li class=\"blocks-gallery-item\"><figure><img loading=\"lazy\" decoding=\"async\" width=\"720\" height=\"697\" src=\"https:\/\/claudiocosta.com.ar\/wp-content\/uploads\/2020\/08\/iso-25000-ok.png\" alt=\"\" data-id=\"273\" data-link=\"https:\/\/claudiocosta.com.ar\/?attachment_id=273\" class=\"wp-image-273\" srcset=\"https:\/\/claudiocosta.com.ar\/wp-content\/uploads\/2020\/08\/iso-25000-ok.png 720w, https:\/\/claudiocosta.com.ar\/wp-content\/uploads\/2020\/08\/iso-25000-ok-300x290.png 300w\" sizes=\"auto, (max-width: 720px) 100vw, 720px\" \/><\/figure><\/li><li class=\"blocks-gallery-item\"><figure><img loading=\"lazy\" decoding=\"async\" width=\"720\" height=\"697\" src=\"https:\/\/claudiocosta.com.ar\/wp-content\/uploads\/2020\/08\/iso-31000-ok-1.png\" alt=\"\" data-id=\"274\" data-link=\"https:\/\/claudiocosta.com.ar\/?attachment_id=274\" class=\"wp-image-274\" srcset=\"https:\/\/claudiocosta.com.ar\/wp-content\/uploads\/2020\/08\/iso-31000-ok-1.png 720w, https:\/\/claudiocosta.com.ar\/wp-content\/uploads\/2020\/08\/iso-31000-ok-1-300x290.png 300w\" sizes=\"auto, (max-width: 720px) 100vw, 720px\" \/><\/figure><\/li><li class=\"blocks-gallery-item\"><figure><img loading=\"lazy\" decoding=\"async\" width=\"450\" height=\"450\" src=\"https:\/\/claudiocosta.com.ar\/wp-content\/uploads\/2020\/08\/SIG11.jpg\" alt=\"\" data-id=\"275\" data-link=\"https:\/\/claudiocosta.com.ar\/?attachment_id=275\" class=\"wp-image-275\" srcset=\"https:\/\/claudiocosta.com.ar\/wp-content\/uploads\/2020\/08\/SIG11.jpg 450w, https:\/\/claudiocosta.com.ar\/wp-content\/uploads\/2020\/08\/SIG11-300x300.jpg 300w, https:\/\/claudiocosta.com.ar\/wp-content\/uploads\/2020\/08\/SIG11-150x150.jpg 150w\" sizes=\"auto, (max-width: 450px) 100vw, 450px\" \/><\/figure><\/li><li class=\"blocks-gallery-item\"><figure><img loading=\"lazy\" decoding=\"async\" width=\"168\" height=\"304\" src=\"https:\/\/claudiocosta.com.ar\/wp-content\/uploads\/2020\/08\/ECOMMERCE.jpg\" alt=\"\" data-id=\"276\" data-link=\"https:\/\/claudiocosta.com.ar\/?attachment_id=276\" class=\"wp-image-276\" srcset=\"https:\/\/claudiocosta.com.ar\/wp-content\/uploads\/2020\/08\/ECOMMERCE.jpg 168w, https:\/\/claudiocosta.com.ar\/wp-content\/uploads\/2020\/08\/ECOMMERCE-166x300.jpg 166w\" sizes=\"auto, (max-width: 168px) 100vw, 168px\" \/><\/figure><\/li><li class=\"blocks-gallery-item\"><figure><img loading=\"lazy\" decoding=\"async\" width=\"300\" height=\"300\" src=\"https:\/\/claudiocosta.com.ar\/wp-content\/uploads\/2020\/08\/Y-MAS.jpg\" alt=\"\" data-id=\"279\" data-full-url=\"https:\/\/claudiocosta.com.ar\/wp-content\/uploads\/2020\/08\/Y-MAS.jpg\" data-link=\"https:\/\/claudiocosta.com.ar\/?attachment_id=279\" class=\"wp-image-279\" srcset=\"https:\/\/claudiocosta.com.ar\/wp-content\/uploads\/2020\/08\/Y-MAS.jpg 300w, https:\/\/claudiocosta.com.ar\/wp-content\/uploads\/2020\/08\/Y-MAS-150x150.jpg 150w\" sizes=\"auto, (max-width: 300px) 100vw, 300px\" \/><\/figure><\/li><\/ul><\/figure>\n\n\n\n<p><\/p>\n","protected":false},"excerpt":{"rendered":"<p>FORMACI\u00d3N DE RRHH FORMACI\u00d3N DE RRHH Brindamos servicios de Capacitaci\u00f3n, Sensibilizaci\u00f3n e Inducci\u00f3n.&nbsp; Capacitaci\u00f3n La Capacitaci\u00f3n es una actividad planificada y permanente cuyo prop\u00f3sito es preparar, desarrollar e integrar los recursos humanos al proceso productivo. Brindamos este servicio mediante la entrega de conocimientos y el desarrollo de habilidades, esto nos permite mejorar desempe\u00f1o de todos<\/p>\n","protected":false},"author":1,"featured_media":0,"parent":0,"menu_order":0,"comment_status":"closed","ping_status":"closed","template":"","meta":{"footnotes":""},"class_list":["post-21","page","type-page","status-publish","hentry"],"_links":{"self":[{"href":"https:\/\/claudiocosta.com.ar\/index.php?rest_route=\/wp\/v2\/pages\/21","targetHints":{"allow":["GET"]}}],"collection":[{"href":"https:\/\/claudiocosta.com.ar\/index.php?rest_route=\/wp\/v2\/pages"}],"about":[{"href":"https:\/\/claudiocosta.com.ar\/index.php?rest_route=\/wp\/v2\/types\/page"}],"author":[{"embeddable":true,"href":"https:\/\/claudiocosta.com.ar\/index.php?rest_route=\/wp\/v2\/users\/1"}],"replies":[{"embeddable":true,"href":"https:\/\/claudiocosta.com.ar\/index.php?rest_route=%2Fwp%2Fv2%2Fcomments&post=21"}],"version-history":[{"count":14,"href":"https:\/\/claudiocosta.com.ar\/index.php?rest_route=\/wp\/v2\/pages\/21\/revisions"}],"predecessor-version":[{"id":435,"href":"https:\/\/claudiocosta.com.ar\/index.php?rest_route=\/wp\/v2\/pages\/21\/revisions\/435"}],"wp:attachment":[{"href":"https:\/\/claudiocosta.com.ar\/index.php?rest_route=%2Fwp%2Fv2%2Fmedia&parent=21"}],"curies":[{"name":"wp","href":"https:\/\/api.w.org\/{rel}","templated":true}]}}