{"id":18,"date":"2020-07-20T18:26:19","date_gmt":"2020-07-20T18:26:19","guid":{"rendered":"http:\/\/claudiocosta.com.ar\/?page_id=18"},"modified":"2021-02-22T16:41:05","modified_gmt":"2021-02-22T16:41:05","slug":"the-new-umoma-opens-its-doors-2","status":"publish","type":"page","link":"https:\/\/claudiocosta.com.ar\/","title":{"rendered":"|Consultor\u00eda| |Implementaciones| |Formaci\u00f3n de RRHH| |Auditor\u00edas|"},"content":{"rendered":"\n<h2 class=\"has-text-align-center wp-block-heading\">NOS CONVERTIMOS EN TU SOCIO ESTRAT\u00c9GICO Y COLABORAMOS PARA QUE ALCANCES TUS OBJETIVOS<\/h2>\n\n\n\n<div class=\"wp-block-group alignwide\"><div class=\"wp-block-group__inner-container is-layout-flow wp-block-group-is-layout-flow\">\n<div class=\"wp-block-image\"><figure class=\"aligncenter size-large\"><img loading=\"lazy\" decoding=\"async\" width=\"572\" height=\"64\" src=\"https:\/\/claudiocosta.com.ar\/wp-content\/uploads\/2021\/02\/acompanarte.png\" alt=\"\" class=\"wp-image-478\" srcset=\"https:\/\/claudiocosta.com.ar\/wp-content\/uploads\/2021\/02\/acompanarte.png 572w, https:\/\/claudiocosta.com.ar\/wp-content\/uploads\/2021\/02\/acompanarte-300x34.png 300w\" sizes=\"auto, (max-width: 572px) 100vw, 572px\" \/><\/figure><\/div>\n\n\n\n<blockquote class=\"wp-block-quote is-layout-flow wp-block-quote-is-layout-flow\"><p><span class=\"has-inline-color has-vivid-red-color\"><strong>ACOMPA\u00d1AMOS EL DISE\u00d1O, IMPLEMENTACI\u00d3N Y MANTENIMIENTO DE SUS SISTEMAS DE GESTI\u00d3N, DE MANERA EFECTIVA, PR\u00c1CTICA Y ENFOCADA EN SUS PROPIAS NECESIDADES<\/strong><\/span><\/p><\/blockquote>\n<\/div><\/div>\n\n\n\n<div class=\"wp-block-columns alignwide is-layout-flex wp-container-core-columns-is-layout-9d6595d7 wp-block-columns-is-layout-flex\">\n<div class=\"wp-block-column is-layout-flow wp-block-column-is-layout-flow\">\n<div class=\"wp-block-group\"><div class=\"wp-block-group__inner-container is-layout-flow wp-block-group-is-layout-flow\">\n<figure class=\"wp-block-gallery alignfull columns-2 is-cropped wp-block-gallery-1 is-layout-flex wp-block-gallery-is-layout-flex\"><ul class=\"blocks-gallery-grid\"><li class=\"blocks-gallery-item\"><figure><img loading=\"lazy\" decoding=\"async\" width=\"1533\" height=\"1321\" src=\"https:\/\/claudiocosta.com.ar\/wp-content\/uploads\/2020\/08\/irca-logo-1.jpg\" alt=\"\" data-id=\"79\" data-link=\"https:\/\/claudiocosta.com.ar\/?attachment_id=79\" class=\"wp-image-79\" srcset=\"https:\/\/claudiocosta.com.ar\/wp-content\/uploads\/2020\/08\/irca-logo-1.jpg 1533w, https:\/\/claudiocosta.com.ar\/wp-content\/uploads\/2020\/08\/irca-logo-1-300x259.jpg 300w, https:\/\/claudiocosta.com.ar\/wp-content\/uploads\/2020\/08\/irca-logo-1-1024x882.jpg 1024w, https:\/\/claudiocosta.com.ar\/wp-content\/uploads\/2020\/08\/irca-logo-1-768x662.jpg 768w\" sizes=\"auto, (max-width: 1533px) 100vw, 1533px\" \/><\/figure><\/li><li class=\"blocks-gallery-item\"><figure><img loading=\"lazy\" decoding=\"async\" width=\"274\" height=\"184\" src=\"https:\/\/claudiocosta.com.ar\/wp-content\/uploads\/2020\/08\/iso-1.png\" alt=\"\" data-id=\"81\" data-link=\"https:\/\/claudiocosta.com.ar\/?attachment_id=81\" class=\"wp-image-81\"\/><\/figure><\/li><\/ul><\/figure>\n<\/div><\/div>\n\n\n\n<figure class=\"wp-block-gallery columns-2 is-cropped wp-block-gallery-2 is-layout-flex wp-block-gallery-is-layout-flex\"><ul class=\"blocks-gallery-grid\"><li class=\"blocks-gallery-item\"><figure><img loading=\"lazy\" decoding=\"async\" width=\"981\" height=\"477\" src=\"https:\/\/claudiocosta.com.ar\/wp-content\/uploads\/2020\/08\/DGQ-Deutsche_Gesellschaft_f\u00fcr_Qualit\u00e4t_logo-2-2.jpg\" alt=\"\" data-id=\"92\" data-link=\"https:\/\/claudiocosta.com.ar\/?attachment_id=92\" class=\"wp-image-92\" srcset=\"https:\/\/claudiocosta.com.ar\/wp-content\/uploads\/2020\/08\/DGQ-Deutsche_Gesellschaft_f\u00fcr_Qualit\u00e4t_logo-2-2.jpg 981w, https:\/\/claudiocosta.com.ar\/wp-content\/uploads\/2020\/08\/DGQ-Deutsche_Gesellschaft_f\u00fcr_Qualit\u00e4t_logo-2-2-300x146.jpg 300w, https:\/\/claudiocosta.com.ar\/wp-content\/uploads\/2020\/08\/DGQ-Deutsche_Gesellschaft_f\u00fcr_Qualit\u00e4t_logo-2-2-768x373.jpg 768w\" sizes=\"auto, (max-width: 981px) 100vw, 981px\" \/><\/figure><\/li><li class=\"blocks-gallery-item\"><figure><img loading=\"lazy\" decoding=\"async\" width=\"1024\" height=\"447\" src=\"https:\/\/claudiocosta.com.ar\/wp-content\/uploads\/2020\/08\/AATG-LOGO-1024x447.jpg\" alt=\"\" data-id=\"93\" data-full-url=\"https:\/\/claudiocosta.com.ar\/wp-content\/uploads\/2020\/08\/AATG-LOGO.jpg\" data-link=\"https:\/\/claudiocosta.com.ar\/?attachment_id=93\" class=\"wp-image-93\" srcset=\"https:\/\/claudiocosta.com.ar\/wp-content\/uploads\/2020\/08\/AATG-LOGO-1024x447.jpg 1024w, https:\/\/claudiocosta.com.ar\/wp-content\/uploads\/2020\/08\/AATG-LOGO-300x131.jpg 300w, https:\/\/claudiocosta.com.ar\/wp-content\/uploads\/2020\/08\/AATG-LOGO-768x335.jpg 768w, https:\/\/claudiocosta.com.ar\/wp-content\/uploads\/2020\/08\/AATG-LOGO.jpg 1125w\" sizes=\"auto, (max-width: 1024px) 100vw, 1024px\" \/><\/figure><\/li><\/ul><\/figure>\n<\/div>\n\n\n\n<div class=\"wp-block-column is-layout-flow wp-block-column-is-layout-flow\">\n<div class=\"wp-block-group is-layout-flow wp-block-group-is-layout-flow\"><div class=\"wp-block-group__inner-container\"><\/div><\/div>\n\n\n\n<div class=\"wp-block-group\"><div class=\"wp-block-group__inner-container is-layout-flow wp-block-group-is-layout-flow\">\n<figure class=\"wp-block-gallery columns-2 is-cropped wp-block-gallery-3 is-layout-flex wp-block-gallery-is-layout-flex\"><ul class=\"blocks-gallery-grid\"><li class=\"blocks-gallery-item\"><figure><img loading=\"lazy\" decoding=\"async\" width=\"400\" height=\"400\" src=\"https:\/\/claudiocosta.com.ar\/wp-content\/uploads\/2020\/08\/Logo_COPANT_400x400.png\" alt=\"\" data-id=\"102\" data-link=\"https:\/\/claudiocosta.com.ar\/?attachment_id=102\" class=\"wp-image-102\" srcset=\"https:\/\/claudiocosta.com.ar\/wp-content\/uploads\/2020\/08\/Logo_COPANT_400x400.png 400w, https:\/\/claudiocosta.com.ar\/wp-content\/uploads\/2020\/08\/Logo_COPANT_400x400-300x300.png 300w, https:\/\/claudiocosta.com.ar\/wp-content\/uploads\/2020\/08\/Logo_COPANT_400x400-150x150.png 150w\" sizes=\"auto, (max-width: 400px) 100vw, 400px\" \/><\/figure><\/li><li class=\"blocks-gallery-item\"><figure><img loading=\"lazy\" decoding=\"async\" width=\"1024\" height=\"1012\" src=\"https:\/\/claudiocosta.com.ar\/wp-content\/uploads\/2020\/08\/IRAM-2-1024x1012.jpg\" alt=\"\" data-id=\"103\" data-full-url=\"https:\/\/claudiocosta.com.ar\/wp-content\/uploads\/2020\/08\/IRAM-2.jpg\" data-link=\"https:\/\/claudiocosta.com.ar\/?attachment_id=103\" class=\"wp-image-103\" srcset=\"https:\/\/claudiocosta.com.ar\/wp-content\/uploads\/2020\/08\/IRAM-2-1024x1012.jpg 1024w, https:\/\/claudiocosta.com.ar\/wp-content\/uploads\/2020\/08\/IRAM-2-300x297.jpg 300w, https:\/\/claudiocosta.com.ar\/wp-content\/uploads\/2020\/08\/IRAM-2-768x759.jpg 768w, https:\/\/claudiocosta.com.ar\/wp-content\/uploads\/2020\/08\/IRAM-2.jpg 1392w\" sizes=\"auto, (max-width: 1024px) 100vw, 1024px\" \/><\/figure><\/li><\/ul><\/figure>\n<\/div><\/div>\n\n\n\n<p><\/p>\n<\/div>\n<\/div>\n\n\n\n<div class=\"wp-block-group alignwide\"><div class=\"wp-block-group__inner-container is-layout-flow wp-block-group-is-layout-flow\">\n<ul class=\"wp-block-list\"><li>Poseemos experiencia a nivel nacional e internacional&nbsp; (desarrollamos actividades en diferentes pa\u00edses, como ser Argentina, Italia, Estados Unidos, Dinamarca, Panam\u00e1, Puerto Rico, Paraguay, Suiza, Brasil, Colombia, Honduras, Chile, Costa Rica, Espa\u00f1a, Uruguay, Bolivia, etc.)<\/li><li>Su compa\u00f1\u00eda recibe un impulso que la ayuda a acelerar su propio desarrollo organizacional<\/li><li>Aportamos un punto de vista externo que le permite visualizar objetivamente los resultados a corto, mediano y largo plazo<\/li><li>La empresa detecta y modifica los paradigmas organizacionales que le impidieron mejorar su posici\u00f3n competitiva<\/li><li>La empresa cuenta con un consultor imparcial y profesional que lo cuida y lo apoya<\/li><\/ul>\n<\/div><\/div>\n\n\n\n<figure class=\"wp-block-image size-large\"><img loading=\"lazy\" decoding=\"async\" width=\"844\" height=\"59\" src=\"https:\/\/claudiocosta.com.ar\/wp-content\/uploads\/2021\/02\/tita-banderas-3.jpg\" alt=\"\" class=\"wp-image-566\" srcset=\"https:\/\/claudiocosta.com.ar\/wp-content\/uploads\/2021\/02\/tita-banderas-3.jpg 844w, https:\/\/claudiocosta.com.ar\/wp-content\/uploads\/2021\/02\/tita-banderas-3-300x21.jpg 300w, https:\/\/claudiocosta.com.ar\/wp-content\/uploads\/2021\/02\/tita-banderas-3-768x54.jpg 768w\" sizes=\"auto, (max-width: 844px) 100vw, 844px\" \/><\/figure>\n\n\n\n<figure class=\"wp-block-gallery alignwide columns-3 is-cropped wp-block-gallery-4 is-layout-flex wp-block-gallery-is-layout-flex\"><ul class=\"blocks-gallery-grid\"><li class=\"blocks-gallery-item\"><figure><img loading=\"lazy\" decoding=\"async\" width=\"394\" height=\"337\" src=\"https:\/\/claudiocosta.com.ar\/wp-content\/uploads\/2020\/08\/CC-ISO.jpg\" alt=\"\" data-id=\"109\" class=\"wp-image-109\" srcset=\"https:\/\/claudiocosta.com.ar\/wp-content\/uploads\/2020\/08\/CC-ISO.jpg 394w, https:\/\/claudiocosta.com.ar\/wp-content\/uploads\/2020\/08\/CC-ISO-300x257.jpg 300w\" sizes=\"auto, (max-width: 394px) 100vw, 394px\" \/><\/figure><\/li><li class=\"blocks-gallery-item\"><figure><img loading=\"lazy\" decoding=\"async\" width=\"498\" height=\"462\" src=\"https:\/\/claudiocosta.com.ar\/wp-content\/uploads\/2020\/08\/CC-WEBINAR.jpg\" alt=\"\" data-id=\"110\" data-link=\"https:\/\/claudiocosta.com.ar\/?attachment_id=110\" class=\"wp-image-110\" srcset=\"https:\/\/claudiocosta.com.ar\/wp-content\/uploads\/2020\/08\/CC-WEBINAR.jpg 498w, https:\/\/claudiocosta.com.ar\/wp-content\/uploads\/2020\/08\/CC-WEBINAR-300x278.jpg 300w\" sizes=\"auto, (max-width: 498px) 100vw, 498px\" \/><\/figure><\/li><li class=\"blocks-gallery-item\"><figure><img loading=\"lazy\" decoding=\"async\" width=\"262\" height=\"213\" src=\"https:\/\/claudiocosta.com.ar\/wp-content\/uploads\/2020\/08\/CC-MADRID.jpg\" alt=\"\" data-id=\"111\" data-full-url=\"https:\/\/claudiocosta.com.ar\/wp-content\/uploads\/2020\/08\/CC-MADRID.jpg\" data-link=\"https:\/\/claudiocosta.com.ar\/?attachment_id=111\" class=\"wp-image-111\"\/><\/figure><\/li><\/ul><\/figure>\n\n\n\n<figure class=\"wp-block-gallery alignwide columns-3 is-cropped wp-block-gallery-5 is-layout-flex wp-block-gallery-is-layout-flex\"><ul class=\"blocks-gallery-grid\"><li class=\"blocks-gallery-item\"><figure><img loading=\"lazy\" decoding=\"async\" width=\"265\" height=\"279\" src=\"https:\/\/claudiocosta.com.ar\/wp-content\/uploads\/2020\/08\/CC-ENTREVISTA.png\" alt=\"\" data-id=\"117\" data-link=\"https:\/\/claudiocosta.com.ar\/?attachment_id=117\" class=\"wp-image-117\"\/><\/figure><\/li><li class=\"blocks-gallery-item\"><figure><img loading=\"lazy\" decoding=\"async\" width=\"1024\" height=\"768\" src=\"https:\/\/claudiocosta.com.ar\/wp-content\/uploads\/2020\/08\/cc-iso2-1-1024x768.jpg\" alt=\"\" data-id=\"120\" data-full-url=\"https:\/\/claudiocosta.com.ar\/wp-content\/uploads\/2020\/08\/cc-iso2-1.jpg\" data-link=\"https:\/\/claudiocosta.com.ar\/?attachment_id=120\" class=\"wp-image-120\" srcset=\"https:\/\/claudiocosta.com.ar\/wp-content\/uploads\/2020\/08\/cc-iso2-1-1024x768.jpg 1024w, https:\/\/claudiocosta.com.ar\/wp-content\/uploads\/2020\/08\/cc-iso2-1-300x225.jpg 300w, https:\/\/claudiocosta.com.ar\/wp-content\/uploads\/2020\/08\/cc-iso2-1-768x576.jpg 768w, https:\/\/claudiocosta.com.ar\/wp-content\/uploads\/2020\/08\/cc-iso2-1.jpg 1280w\" sizes=\"auto, (max-width: 1024px) 100vw, 1024px\" \/><figcaption class=\"blocks-gallery-item__caption\">SelfTimer Off<\/figcaption><\/figure><\/li><li class=\"blocks-gallery-item\"><figure><img loading=\"lazy\" decoding=\"async\" width=\"768\" height=\"1024\" src=\"https:\/\/claudiocosta.com.ar\/wp-content\/uploads\/2020\/08\/3eb2f6bf-d0e8-4a93-82cc-fc6a0a0a6123-768x1024.jpg\" alt=\"\" data-id=\"119\" data-link=\"https:\/\/claudiocosta.com.ar\/?attachment_id=119\" class=\"wp-image-119\" srcset=\"https:\/\/claudiocosta.com.ar\/wp-content\/uploads\/2020\/08\/3eb2f6bf-d0e8-4a93-82cc-fc6a0a0a6123-768x1024.jpg 768w, https:\/\/claudiocosta.com.ar\/wp-content\/uploads\/2020\/08\/3eb2f6bf-d0e8-4a93-82cc-fc6a0a0a6123-225x300.jpg 225w, https:\/\/claudiocosta.com.ar\/wp-content\/uploads\/2020\/08\/3eb2f6bf-d0e8-4a93-82cc-fc6a0a0a6123.jpg 960w\" sizes=\"auto, (max-width: 768px) 100vw, 768px\" \/><\/figure><\/li><\/ul><\/figure>\n\n\n\n<p><\/p>\n","protected":false},"excerpt":{"rendered":"<p>NOS CONVERTIMOS EN TU SOCIO ESTRAT\u00c9GICO Y COLABORAMOS PARA QUE ALCANCES TUS OBJETIVOS ACOMPA\u00d1AMOS EL DISE\u00d1O, IMPLEMENTACI\u00d3N Y MANTENIMIENTO DE SUS SISTEMAS DE GESTI\u00d3N, DE MANERA EFECTIVA, PR\u00c1CTICA Y ENFOCADA EN SUS PROPIAS NECESIDADES Poseemos experiencia a nivel nacional e internacional&nbsp; (desarrollamos actividades en diferentes pa\u00edses, como ser Argentina, Italia, Estados Unidos, Dinamarca, Panam\u00e1, Puerto<\/p>\n","protected":false},"author":1,"featured_media":59,"parent":0,"menu_order":0,"comment_status":"closed","ping_status":"closed","template":"","meta":{"footnotes":""},"class_list":["post-18","page","type-page","status-publish","has-post-thumbnail","hentry"],"_links":{"self":[{"href":"https:\/\/claudiocosta.com.ar\/index.php?rest_route=\/wp\/v2\/pages\/18","targetHints":{"allow":["GET"]}}],"collection":[{"href":"https:\/\/claudiocosta.com.ar\/index.php?rest_route=\/wp\/v2\/pages"}],"about":[{"href":"https:\/\/claudiocosta.com.ar\/index.php?rest_route=\/wp\/v2\/types\/page"}],"author":[{"embeddable":true,"href":"https:\/\/claudiocosta.com.ar\/index.php?rest_route=\/wp\/v2\/users\/1"}],"replies":[{"embeddable":true,"href":"https:\/\/claudiocosta.com.ar\/index.php?rest_route=%2Fwp%2Fv2%2Fcomments&post=18"}],"version-history":[{"count":35,"href":"https:\/\/claudiocosta.com.ar\/index.php?rest_route=\/wp\/v2\/pages\/18\/revisions"}],"predecessor-version":[{"id":658,"href":"https:\/\/claudiocosta.com.ar\/index.php?rest_route=\/wp\/v2\/pages\/18\/revisions\/658"}],"wp:featuredmedia":[{"embeddable":true,"href":"https:\/\/claudiocosta.com.ar\/index.php?rest_route=\/wp\/v2\/media\/59"}],"wp:attachment":[{"href":"https:\/\/claudiocosta.com.ar\/index.php?rest_route=%2Fwp%2Fv2%2Fmedia&parent=18"}],"curies":[{"name":"wp","href":"https:\/\/api.w.org\/{rel}","templated":true}]}}